{"id":4419,"date":"2015-02-10T13:06:45","date_gmt":"2015-02-10T11:06:45","guid":{"rendered":"http:\/\/mariuszmuzyk.pl\/blog\/?page_id=4419"},"modified":"2019-04-25T11:32:16","modified_gmt":"2019-04-25T09:32:16","slug":"sigma-24mm-14-art-sample","status":"publish","type":"page","link":"https:\/\/mariuszmuzyk.pl\/blog\/sigma_50mm_14_art\/sigma-24mm-14-art-sample\/","title":{"rendered":"Portfolio"},"content":{"rendered":"<div style='text-align:right' class='yasr-auto-insert-overall'><!--Yasr Overall Rating Shortcode--><div class='yasr-custom-text-before-overall' id='yasr-custom-text-before-overall'>Oceny Klient\u00f3w<\/div><div class=\"yasr-overall-rating\"><div class=' yasr-rater-stars'\r\n                           id='yasr-overall-rating-rater-0809965dc619c'\r\n                           data-rating='0'\r\n                           data-rater-starsize='16'>\r\n                       <\/div><\/div><!--End Yasr Overall Rating Shortcode--><\/div><div style='text-align:right' class='yasr-auto-insert-visitor'><!--Yasr Visitor Votes Shortcode--><div id='yasr_visitor_votes_c650869b7dc0a' class='yasr-visitor-votes'><div class=\"yasr-custom-text-vv-before yasr-custom-text-vv-before-4419\">Ocena Czytelnik\u00f3w<\/div><div id='yasr-vv-second-row-container-c650869b7dc0a'\r\n                                        class='yasr-vv-second-row-container'><div id='yasr-visitor-votes-rater-c650869b7dc0a'\r\n                                      class='yasr-rater-stars-vv'\r\n                                      data-rater-postid='4419'\r\n                                      data-rating='0'\r\n                                      data-rater-starsize='16'\r\n                                      data-rater-readonly='false'\r\n                                      data-rater-nonce='c652a1805c'\r\n                                      data-issingular='false'\r\n                                    ><\/div><div class=\"yasr-vv-stats-text-container\" id=\"yasr-vv-stats-text-container-c650869b7dc0a\"><span id=\"yasr-vv-text-container-c650869b7dc0a\" class=\"yasr-vv-text-container\">[Ocen: <span id=\"yasr-vv-votes-number-container-c650869b7dc0a\">0<\/span>  Averege: <span id=\"yasr-vv-average-container-c650869b7dc0a\">0<\/span>]<\/span><\/div><div id='yasr-vv-loader-c650869b7dc0a' class='yasr-vv-container-loader'><\/div><\/div><div id='yasr-vv-bottom-container-c650869b7dc0a' class='yasr-vv-bottom-container'><\/div><\/div><!--End Yasr Visitor Votes Shortcode--><\/div>","protected":false},"excerpt":{"rendered":"<p>Oceny Klient\u00f3w Ocena Czytelnik\u00f3w[Ocen: 0 Averege: 0]<\/p>\n","protected":false},"author":2,"featured_media":0,"parent":3483,"menu_order":0,"comment_status":"closed","ping_status":"open","template":"","meta":{"yasr_overall_rating":0,"yasr_post_is_review":"","yasr_auto_insert_disabled":"","yasr_review_type":"","footnotes":""},"class_list":["post-4419","page","type-page","status-publish","czr-hentry"],"yoast_head":"<!-- This site is optimized with the Yoast SEO plugin v27.0 - https:\/\/yoast.com\/product\/yoast-seo-wordpress\/ -->\n<title>Portfolio - Fotografia \u015alubna Mariusz Muzyk<\/title>\n<meta name=\"robots\" content=\"index, follow, max-snippet:-1, max-image-preview:large, max-video-preview:-1\" \/>\n<link rel=\"canonical\" href=\"https:\/\/mariuszmuzyk.pl\/blog\/sigma_50mm_14_art\/sigma-24mm-14-art-sample\/\" \/>\n<meta property=\"og:locale\" content=\"pl_PL\" \/>\n<meta property=\"og:type\" content=\"article\" \/>\n<meta property=\"og:title\" content=\"Portfolio - Fotografia \u015alubna Mariusz Muzyk\" \/>\n<meta property=\"og:description\" content=\"Oceny Klient\u00f3w Ocena Czytelnik\u00f3w[Ocen: 0 Averege: 0]\" \/>\n<meta property=\"og:url\" content=\"https:\/\/mariuszmuzyk.pl\/blog\/sigma_50mm_14_art\/sigma-24mm-14-art-sample\/\" \/>\n<meta property=\"og:site_name\" content=\"Fotografia \u015alubna Mariusz Muzyk\" \/>\n<meta property=\"article:publisher\" content=\"https:\/\/www.facebook.com\/pages\/Mariusz-Muzyk-Profesjonalna-Fotografia-%c5%9alubna\/305310092886439\" \/>\n<meta property=\"article:modified_time\" content=\"2019-04-25T09:32:16+00:00\" \/>\n<meta name=\"twitter:card\" content=\"summary_large_image\" \/>\n<meta name=\"twitter:site\" content=\"@MariuszMuzyk\" \/>\n<script type=\"application\/ld+json\" class=\"yoast-schema-graph\">{\"@context\":\"https:\/\/schema.org\",\"@graph\":[{\"@type\":\"WebPage\",\"@id\":\"https:\/\/mariuszmuzyk.pl\/blog\/sigma_50mm_14_art\/sigma-24mm-14-art-sample\/\",\"url\":\"https:\/\/mariuszmuzyk.pl\/blog\/sigma_50mm_14_art\/sigma-24mm-14-art-sample\/\",\"name\":\"Portfolio - Fotografia \u015alubna Mariusz Muzyk\",\"isPartOf\":{\"@id\":\"https:\/\/mariuszmuzyk.pl\/blog\/#website\"},\"datePublished\":\"2015-02-10T11:06:45+00:00\",\"dateModified\":\"2019-04-25T09:32:16+00:00\",\"breadcrumb\":{\"@id\":\"https:\/\/mariuszmuzyk.pl\/blog\/sigma_50mm_14_art\/sigma-24mm-14-art-sample\/#breadcrumb\"},\"inLanguage\":\"pl-PL\",\"potentialAction\":[{\"@type\":\"ReadAction\",\"target\":[\"https:\/\/mariuszmuzyk.pl\/blog\/sigma_50mm_14_art\/sigma-24mm-14-art-sample\/\"]}]},{\"@type\":\"BreadcrumbList\",\"@id\":\"https:\/\/mariuszmuzyk.pl\/blog\/sigma_50mm_14_art\/sigma-24mm-14-art-sample\/#breadcrumb\",\"itemListElement\":[{\"@type\":\"ListItem\",\"position\":1,\"name\":\"Fotograf \u015b\u0142ubny\",\"item\":\"https:\/\/mariuszmuzyk.pl\/blog\/\"},{\"@type\":\"ListItem\",\"position\":2,\"name\":\"Sprz\u0119t\",\"item\":\"https:\/\/mariuszmuzyk.pl\/blog\/sigma_50mm_14_art\/\"},{\"@type\":\"ListItem\",\"position\":3,\"name\":\"Portfolio\"}]},{\"@type\":\"WebSite\",\"@id\":\"https:\/\/mariuszmuzyk.pl\/blog\/#website\",\"url\":\"https:\/\/mariuszmuzyk.pl\/blog\/\",\"name\":\"Fotografia \u015alubna Mariusz Muzyk\",\"description\":\"fotografia \u015blubna Bielsko-Bia\u0142a\",\"publisher\":{\"@id\":\"https:\/\/mariuszmuzyk.pl\/blog\/#organization\"},\"potentialAction\":[{\"@type\":\"SearchAction\",\"target\":{\"@type\":\"EntryPoint\",\"urlTemplate\":\"https:\/\/mariuszmuzyk.pl\/blog\/?s={search_term_string}\"},\"query-input\":{\"@type\":\"PropertyValueSpecification\",\"valueRequired\":true,\"valueName\":\"search_term_string\"}}],\"inLanguage\":\"pl-PL\"},{\"@type\":\"Organization\",\"@id\":\"https:\/\/mariuszmuzyk.pl\/blog\/#organization\",\"name\":\"Fotografia \u015alubna Mariusz Muzyk\",\"url\":\"https:\/\/mariuszmuzyk.pl\/blog\/\",\"logo\":{\"@type\":\"ImageObject\",\"inLanguage\":\"pl-PL\",\"@id\":\"https:\/\/mariuszmuzyk.pl\/blog\/#\/schema\/logo\/image\/\",\"url\":\"https:\/\/mariuszmuzyk.pl\/blog\/wp-content\/uploads\/2019\/04\/cropped-logo_CZARNE_FOTOGRAFIA.png\",\"contentUrl\":\"https:\/\/mariuszmuzyk.pl\/blog\/wp-content\/uploads\/2019\/04\/cropped-logo_CZARNE_FOTOGRAFIA.png\",\"width\":300,\"height\":156,\"caption\":\"Fotografia \u015alubna Mariusz Muzyk\"},\"image\":{\"@id\":\"https:\/\/mariuszmuzyk.pl\/blog\/#\/schema\/logo\/image\/\"},\"sameAs\":[\"https:\/\/www.facebook.com\/pages\/Mariusz-Muzyk-Profesjonalna-Fotografia-\u015alubna\/305310092886439\",\"https:\/\/x.com\/MariuszMuzyk\"]},false]}<\/script>\n<!-- \/ Yoast SEO plugin. -->","yoast_head_json":{"title":"Portfolio - Fotografia \u015alubna Mariusz Muzyk","robots":{"index":"index","follow":"follow","max-snippet":"max-snippet:-1","max-image-preview":"max-image-preview:large","max-video-preview":"max-video-preview:-1"},"canonical":"https:\/\/mariuszmuzyk.pl\/blog\/sigma_50mm_14_art\/sigma-24mm-14-art-sample\/","og_locale":"pl_PL","og_type":"article","og_title":"Portfolio - Fotografia \u015alubna Mariusz Muzyk","og_description":"Oceny Klient\u00f3w Ocena Czytelnik\u00f3w[Ocen: 0 Averege: 0]","og_url":"https:\/\/mariuszmuzyk.pl\/blog\/sigma_50mm_14_art\/sigma-24mm-14-art-sample\/","og_site_name":"Fotografia \u015alubna Mariusz Muzyk","article_publisher":"https:\/\/www.facebook.com\/pages\/Mariusz-Muzyk-Profesjonalna-Fotografia-%c5%9alubna\/305310092886439","article_modified_time":"2019-04-25T09:32:16+00:00","twitter_card":"summary_large_image","twitter_site":"@MariuszMuzyk","schema":{"@context":"https:\/\/schema.org","@graph":[{"@type":"WebPage","@id":"https:\/\/mariuszmuzyk.pl\/blog\/sigma_50mm_14_art\/sigma-24mm-14-art-sample\/","url":"https:\/\/mariuszmuzyk.pl\/blog\/sigma_50mm_14_art\/sigma-24mm-14-art-sample\/","name":"Portfolio - Fotografia \u015alubna Mariusz Muzyk","isPartOf":{"@id":"https:\/\/mariuszmuzyk.pl\/blog\/#website"},"datePublished":"2015-02-10T11:06:45+00:00","dateModified":"2019-04-25T09:32:16+00:00","breadcrumb":{"@id":"https:\/\/mariuszmuzyk.pl\/blog\/sigma_50mm_14_art\/sigma-24mm-14-art-sample\/#breadcrumb"},"inLanguage":"pl-PL","potentialAction":[{"@type":"ReadAction","target":["https:\/\/mariuszmuzyk.pl\/blog\/sigma_50mm_14_art\/sigma-24mm-14-art-sample\/"]}]},{"@type":"BreadcrumbList","@id":"https:\/\/mariuszmuzyk.pl\/blog\/sigma_50mm_14_art\/sigma-24mm-14-art-sample\/#breadcrumb","itemListElement":[{"@type":"ListItem","position":1,"name":"Fotograf \u015b\u0142ubny","item":"https:\/\/mariuszmuzyk.pl\/blog\/"},{"@type":"ListItem","position":2,"name":"Sprz\u0119t","item":"https:\/\/mariuszmuzyk.pl\/blog\/sigma_50mm_14_art\/"},{"@type":"ListItem","position":3,"name":"Portfolio"}]},{"@type":"WebSite","@id":"https:\/\/mariuszmuzyk.pl\/blog\/#website","url":"https:\/\/mariuszmuzyk.pl\/blog\/","name":"Fotografia \u015alubna Mariusz Muzyk","description":"fotografia \u015blubna Bielsko-Bia\u0142a","publisher":{"@id":"https:\/\/mariuszmuzyk.pl\/blog\/#organization"},"potentialAction":[{"@type":"SearchAction","target":{"@type":"EntryPoint","urlTemplate":"https:\/\/mariuszmuzyk.pl\/blog\/?s={search_term_string}"},"query-input":{"@type":"PropertyValueSpecification","valueRequired":true,"valueName":"search_term_string"}}],"inLanguage":"pl-PL"},{"@type":"Organization","@id":"https:\/\/mariuszmuzyk.pl\/blog\/#organization","name":"Fotografia \u015alubna Mariusz Muzyk","url":"https:\/\/mariuszmuzyk.pl\/blog\/","logo":{"@type":"ImageObject","inLanguage":"pl-PL","@id":"https:\/\/mariuszmuzyk.pl\/blog\/#\/schema\/logo\/image\/","url":"https:\/\/mariuszmuzyk.pl\/blog\/wp-content\/uploads\/2019\/04\/cropped-logo_CZARNE_FOTOGRAFIA.png","contentUrl":"https:\/\/mariuszmuzyk.pl\/blog\/wp-content\/uploads\/2019\/04\/cropped-logo_CZARNE_FOTOGRAFIA.png","width":300,"height":156,"caption":"Fotografia \u015alubna Mariusz Muzyk"},"image":{"@id":"https:\/\/mariuszmuzyk.pl\/blog\/#\/schema\/logo\/image\/"},"sameAs":["https:\/\/www.facebook.com\/pages\/Mariusz-Muzyk-Profesjonalna-Fotografia-\u015alubna\/305310092886439","https:\/\/x.com\/MariuszMuzyk"]},false]}},"yasr_visitor_votes":{"stars_attributes":{"read_only":false,"span_bottom":false},"number_of_votes":0,"sum_votes":0},"_links":{"self":[{"href":"https:\/\/mariuszmuzyk.pl\/blog\/wp-json\/wp\/v2\/pages\/4419","targetHints":{"allow":["GET"]}}],"collection":[{"href":"https:\/\/mariuszmuzyk.pl\/blog\/wp-json\/wp\/v2\/pages"}],"about":[{"href":"https:\/\/mariuszmuzyk.pl\/blog\/wp-json\/wp\/v2\/types\/page"}],"author":[{"embeddable":true,"href":"https:\/\/mariuszmuzyk.pl\/blog\/wp-json\/wp\/v2\/users\/2"}],"replies":[{"embeddable":true,"href":"https:\/\/mariuszmuzyk.pl\/blog\/wp-json\/wp\/v2\/comments?post=4419"}],"version-history":[{"count":4,"href":"https:\/\/mariuszmuzyk.pl\/blog\/wp-json\/wp\/v2\/pages\/4419\/revisions"}],"predecessor-version":[{"id":12251,"href":"https:\/\/mariuszmuzyk.pl\/blog\/wp-json\/wp\/v2\/pages\/4419\/revisions\/12251"}],"up":[{"embeddable":true,"href":"https:\/\/mariuszmuzyk.pl\/blog\/wp-json\/wp\/v2\/pages\/3483"}],"wp:attachment":[{"href":"https:\/\/mariuszmuzyk.pl\/blog\/wp-json\/wp\/v2\/media?parent=4419"}],"curies":[{"name":"wp","href":"https:\/\/api.w.org\/{rel}","templated":true}]}}