{"id":3483,"date":"2014-04-16T13:49:58","date_gmt":"2014-04-16T11:49:58","guid":{"rendered":"http:\/\/mariuszmuzyk.pl\/blog\/?page_id=3483"},"modified":"2014-04-16T13:54:35","modified_gmt":"2014-04-16T11:54:35","slug":"sigma_50mm_14_art","status":"publish","type":"page","link":"https:\/\/mariuszmuzyk.pl\/blog\/sigma_50mm_14_art\/","title":{"rendered":"Sprz\u0119t"},"content":{"rendered":"<h1 style=\"text-align: center;\">Sigma 50mm 1,4 art TEST I SAMPLE<\/h1>\n<h2 style=\"text-align: center;\"><a href=\"http:\/\/mariuszmuzyk.pl\/blog\/wp-content\/uploads\/2014\/04\/sigma_50mm_14_art.jpg\"><img loading=\"lazy\" decoding=\"async\" class=\"aligncenter size-full wp-image-3485\" alt=\"sigma 50mm 1,4 art sample\" src=\"http:\/\/mariuszmuzyk.pl\/blog\/wp-content\/uploads\/2014\/04\/sigma_50mm_14_art.jpg\" width=\"428\" height=\"620\" \/><\/a>zapowied\u017a testu&#8230;<\/h2>\n<p>W ko\u0144cu si\u0119 doczeka\u0142em &#8211; pierwszy obiektyw o tej ogniskowej kt\u00f3ry ma szans\u0119 by\u0107 w pe\u0142ni u\u017cywalny od przys\u0142ony 1,4. Mam nadziej\u0119 \u017ce ju\u017c nied\u0142ugo b\u0119d\u0119 m\u00f3g\u0142 Pa\u0144stwu zaprezentowa\u0107 jego mo\u017cliwo\u015bci.<\/p>\n<div style='text-align:right' class='yasr-auto-insert-overall'><!--Yasr Overall Rating Shortcode--><div class='yasr-custom-text-before-overall' id='yasr-custom-text-before-overall'>Oceny Klient\u00f3w<\/div><div class=\"yasr-overall-rating\"><div class=' yasr-rater-stars'\r\n                           id='yasr-overall-rating-rater-0ad9516b8752a'\r\n                           data-rating='0'\r\n                           data-rater-starsize='16'>\r\n                       <\/div><\/div><!--End Yasr Overall Rating Shortcode--><\/div><div style='text-align:right' class='yasr-auto-insert-visitor'><!--Yasr Visitor Votes Shortcode--><div id='yasr_visitor_votes_35619b6509ad8' class='yasr-visitor-votes'><div class=\"yasr-custom-text-vv-before yasr-custom-text-vv-before-3483\">Ocena Czytelnik\u00f3w<\/div><div id='yasr-vv-second-row-container-35619b6509ad8'\r\n                                        class='yasr-vv-second-row-container'><div id='yasr-visitor-votes-rater-35619b6509ad8'\r\n                                      class='yasr-rater-stars-vv'\r\n                                      data-rater-postid='3483'\r\n                                      data-rating='0'\r\n                                      data-rater-starsize='16'\r\n                                      data-rater-readonly='false'\r\n                                      data-rater-nonce='c652a1805c'\r\n                                      data-issingular='false'\r\n                                    ><\/div><div class=\"yasr-vv-stats-text-container\" id=\"yasr-vv-stats-text-container-35619b6509ad8\"><span id=\"yasr-vv-text-container-35619b6509ad8\" class=\"yasr-vv-text-container\">[Ocen: <span id=\"yasr-vv-votes-number-container-35619b6509ad8\">0<\/span>  Averege: <span id=\"yasr-vv-average-container-35619b6509ad8\">0<\/span>]<\/span><\/div><div id='yasr-vv-loader-35619b6509ad8' class='yasr-vv-container-loader'><\/div><\/div><div id='yasr-vv-bottom-container-35619b6509ad8' class='yasr-vv-bottom-container'><\/div><\/div><!--End Yasr Visitor Votes Shortcode--><\/div>","protected":false},"excerpt":{"rendered":"<p>Sigma 50mm 1,4 art TEST I SAMPLE zapowied\u017a testu&#8230; W ko\u0144cu si\u0119 doczeka\u0142em &#8211; pierwszy obiektyw o tej ogniskowej kt\u00f3ry ma szans\u0119 by\u0107 w pe\u0142ni u\u017cywalny od przys\u0142ony 1,4. Mam nadziej\u0119 \u017ce ju\u017c nied\u0142ugo b\u0119d\u0119 m\u00f3g\u0142 Pa\u0144stwu zaprezentowa\u0107 jego mo\u017cliwo\u015bci. Oceny Klient\u00f3w Ocena Czytelnik\u00f3w[Ocen: 0 Averege: 0]<\/p>\n","protected":false},"author":2,"featured_media":0,"parent":0,"menu_order":0,"comment_status":"open","ping_status":"open","template":"","meta":{"yasr_overall_rating":0,"yasr_post_is_review":"","yasr_auto_insert_disabled":"","yasr_review_type":"","footnotes":""},"class_list":["post-3483","page","type-page","status-publish","czr-hentry"],"yoast_head":"<!-- This site is optimized with the Yoast SEO plugin v27.0 - https:\/\/yoast.com\/product\/yoast-seo-wordpress\/ -->\n<title>Test Sigma 50mm 1,4 art, sample<\/title>\n<meta name=\"description\" content=\"Test obiektywu Sigma 50mm 1,4 ART HSM DG. Zdj\u0119cia przyk\u0142adowe i komentarze.\" \/>\n<meta name=\"robots\" content=\"index, follow, max-snippet:-1, max-image-preview:large, max-video-preview:-1\" \/>\n<link rel=\"canonical\" href=\"https:\/\/mariuszmuzyk.pl\/blog\/sigma_50mm_14_art\/\" \/>\n<meta property=\"og:locale\" content=\"pl_PL\" \/>\n<meta property=\"og:type\" content=\"article\" \/>\n<meta property=\"og:title\" content=\"Test Sigma 50mm 1,4 art, sample\" \/>\n<meta property=\"og:description\" content=\"Test obiektywu Sigma 50mm 1,4 ART HSM DG. Zdj\u0119cia przyk\u0142adowe i komentarze.\" \/>\n<meta property=\"og:url\" content=\"https:\/\/mariuszmuzyk.pl\/blog\/sigma_50mm_14_art\/\" \/>\n<meta property=\"og:site_name\" content=\"Fotografia \u015alubna Mariusz Muzyk\" \/>\n<meta property=\"article:publisher\" content=\"https:\/\/www.facebook.com\/pages\/Mariusz-Muzyk-Profesjonalna-Fotografia-%c5%9alubna\/305310092886439\" \/>\n<meta property=\"article:modified_time\" content=\"2014-04-16T11:54:35+00:00\" \/>\n<meta property=\"og:image\" content=\"http:\/\/mariuszmuzyk.pl\/blog\/wp-content\/uploads\/2014\/04\/sigma_50mm_14_art.jpg\" \/>\n<meta name=\"twitter:card\" content=\"summary_large_image\" \/>\n<meta name=\"twitter:site\" content=\"@MariuszMuzyk\" \/>\n<script type=\"application\/ld+json\" class=\"yoast-schema-graph\">{\"@context\":\"https:\/\/schema.org\",\"@graph\":[{\"@type\":\"WebPage\",\"@id\":\"https:\/\/mariuszmuzyk.pl\/blog\/sigma_50mm_14_art\/\",\"url\":\"https:\/\/mariuszmuzyk.pl\/blog\/sigma_50mm_14_art\/\",\"name\":\"Test Sigma 50mm 1,4 art, sample\",\"isPartOf\":{\"@id\":\"https:\/\/mariuszmuzyk.pl\/blog\/#website\"},\"primaryImageOfPage\":{\"@id\":\"https:\/\/mariuszmuzyk.pl\/blog\/sigma_50mm_14_art\/#primaryimage\"},\"image\":{\"@id\":\"https:\/\/mariuszmuzyk.pl\/blog\/sigma_50mm_14_art\/#primaryimage\"},\"thumbnailUrl\":\"http:\/\/mariuszmuzyk.pl\/blog\/wp-content\/uploads\/2014\/04\/sigma_50mm_14_art.jpg\",\"datePublished\":\"2014-04-16T11:49:58+00:00\",\"dateModified\":\"2014-04-16T11:54:35+00:00\",\"description\":\"Test obiektywu Sigma 50mm 1,4 ART HSM DG. Zdj\u0119cia przyk\u0142adowe i komentarze.\",\"breadcrumb\":{\"@id\":\"https:\/\/mariuszmuzyk.pl\/blog\/sigma_50mm_14_art\/#breadcrumb\"},\"inLanguage\":\"pl-PL\",\"potentialAction\":[{\"@type\":\"ReadAction\",\"target\":[\"https:\/\/mariuszmuzyk.pl\/blog\/sigma_50mm_14_art\/\"]}]},{\"@type\":\"ImageObject\",\"inLanguage\":\"pl-PL\",\"@id\":\"https:\/\/mariuszmuzyk.pl\/blog\/sigma_50mm_14_art\/#primaryimage\",\"url\":\"http:\/\/mariuszmuzyk.pl\/blog\/wp-content\/uploads\/2014\/04\/sigma_50mm_14_art.jpg\",\"contentUrl\":\"http:\/\/mariuszmuzyk.pl\/blog\/wp-content\/uploads\/2014\/04\/sigma_50mm_14_art.jpg\"},{\"@type\":\"BreadcrumbList\",\"@id\":\"https:\/\/mariuszmuzyk.pl\/blog\/sigma_50mm_14_art\/#breadcrumb\",\"itemListElement\":[{\"@type\":\"ListItem\",\"position\":1,\"name\":\"Fotograf \u015b\u0142ubny\",\"item\":\"https:\/\/mariuszmuzyk.pl\/blog\/\"},{\"@type\":\"ListItem\",\"position\":2,\"name\":\"Sprz\u0119t\"}]},{\"@type\":\"WebSite\",\"@id\":\"https:\/\/mariuszmuzyk.pl\/blog\/#website\",\"url\":\"https:\/\/mariuszmuzyk.pl\/blog\/\",\"name\":\"Fotografia \u015alubna Mariusz Muzyk\",\"description\":\"fotografia \u015blubna Bielsko-Bia\u0142a\",\"publisher\":{\"@id\":\"https:\/\/mariuszmuzyk.pl\/blog\/#organization\"},\"potentialAction\":[{\"@type\":\"SearchAction\",\"target\":{\"@type\":\"EntryPoint\",\"urlTemplate\":\"https:\/\/mariuszmuzyk.pl\/blog\/?s={search_term_string}\"},\"query-input\":{\"@type\":\"PropertyValueSpecification\",\"valueRequired\":true,\"valueName\":\"search_term_string\"}}],\"inLanguage\":\"pl-PL\"},{\"@type\":\"Organization\",\"@id\":\"https:\/\/mariuszmuzyk.pl\/blog\/#organization\",\"name\":\"Fotografia \u015alubna Mariusz Muzyk\",\"url\":\"https:\/\/mariuszmuzyk.pl\/blog\/\",\"logo\":{\"@type\":\"ImageObject\",\"inLanguage\":\"pl-PL\",\"@id\":\"https:\/\/mariuszmuzyk.pl\/blog\/#\/schema\/logo\/image\/\",\"url\":\"https:\/\/mariuszmuzyk.pl\/blog\/wp-content\/uploads\/2019\/04\/cropped-logo_CZARNE_FOTOGRAFIA.png\",\"contentUrl\":\"https:\/\/mariuszmuzyk.pl\/blog\/wp-content\/uploads\/2019\/04\/cropped-logo_CZARNE_FOTOGRAFIA.png\",\"width\":300,\"height\":156,\"caption\":\"Fotografia \u015alubna Mariusz Muzyk\"},\"image\":{\"@id\":\"https:\/\/mariuszmuzyk.pl\/blog\/#\/schema\/logo\/image\/\"},\"sameAs\":[\"https:\/\/www.facebook.com\/pages\/Mariusz-Muzyk-Profesjonalna-Fotografia-\u015alubna\/305310092886439\",\"https:\/\/x.com\/MariuszMuzyk\"]},false]}<\/script>\n<!-- \/ Yoast SEO plugin. -->","yoast_head_json":{"title":"Test Sigma 50mm 1,4 art, sample","description":"Test obiektywu Sigma 50mm 1,4 ART HSM DG. Zdj\u0119cia przyk\u0142adowe i komentarze.","robots":{"index":"index","follow":"follow","max-snippet":"max-snippet:-1","max-image-preview":"max-image-preview:large","max-video-preview":"max-video-preview:-1"},"canonical":"https:\/\/mariuszmuzyk.pl\/blog\/sigma_50mm_14_art\/","og_locale":"pl_PL","og_type":"article","og_title":"Test Sigma 50mm 1,4 art, sample","og_description":"Test obiektywu Sigma 50mm 1,4 ART HSM DG. Zdj\u0119cia przyk\u0142adowe i komentarze.","og_url":"https:\/\/mariuszmuzyk.pl\/blog\/sigma_50mm_14_art\/","og_site_name":"Fotografia \u015alubna Mariusz Muzyk","article_publisher":"https:\/\/www.facebook.com\/pages\/Mariusz-Muzyk-Profesjonalna-Fotografia-%c5%9alubna\/305310092886439","article_modified_time":"2014-04-16T11:54:35+00:00","og_image":[{"url":"http:\/\/mariuszmuzyk.pl\/blog\/wp-content\/uploads\/2014\/04\/sigma_50mm_14_art.jpg","type":"","width":"","height":""}],"twitter_card":"summary_large_image","twitter_site":"@MariuszMuzyk","schema":{"@context":"https:\/\/schema.org","@graph":[{"@type":"WebPage","@id":"https:\/\/mariuszmuzyk.pl\/blog\/sigma_50mm_14_art\/","url":"https:\/\/mariuszmuzyk.pl\/blog\/sigma_50mm_14_art\/","name":"Test Sigma 50mm 1,4 art, sample","isPartOf":{"@id":"https:\/\/mariuszmuzyk.pl\/blog\/#website"},"primaryImageOfPage":{"@id":"https:\/\/mariuszmuzyk.pl\/blog\/sigma_50mm_14_art\/#primaryimage"},"image":{"@id":"https:\/\/mariuszmuzyk.pl\/blog\/sigma_50mm_14_art\/#primaryimage"},"thumbnailUrl":"http:\/\/mariuszmuzyk.pl\/blog\/wp-content\/uploads\/2014\/04\/sigma_50mm_14_art.jpg","datePublished":"2014-04-16T11:49:58+00:00","dateModified":"2014-04-16T11:54:35+00:00","description":"Test obiektywu Sigma 50mm 1,4 ART HSM DG. Zdj\u0119cia przyk\u0142adowe i komentarze.","breadcrumb":{"@id":"https:\/\/mariuszmuzyk.pl\/blog\/sigma_50mm_14_art\/#breadcrumb"},"inLanguage":"pl-PL","potentialAction":[{"@type":"ReadAction","target":["https:\/\/mariuszmuzyk.pl\/blog\/sigma_50mm_14_art\/"]}]},{"@type":"ImageObject","inLanguage":"pl-PL","@id":"https:\/\/mariuszmuzyk.pl\/blog\/sigma_50mm_14_art\/#primaryimage","url":"http:\/\/mariuszmuzyk.pl\/blog\/wp-content\/uploads\/2014\/04\/sigma_50mm_14_art.jpg","contentUrl":"http:\/\/mariuszmuzyk.pl\/blog\/wp-content\/uploads\/2014\/04\/sigma_50mm_14_art.jpg"},{"@type":"BreadcrumbList","@id":"https:\/\/mariuszmuzyk.pl\/blog\/sigma_50mm_14_art\/#breadcrumb","itemListElement":[{"@type":"ListItem","position":1,"name":"Fotograf \u015b\u0142ubny","item":"https:\/\/mariuszmuzyk.pl\/blog\/"},{"@type":"ListItem","position":2,"name":"Sprz\u0119t"}]},{"@type":"WebSite","@id":"https:\/\/mariuszmuzyk.pl\/blog\/#website","url":"https:\/\/mariuszmuzyk.pl\/blog\/","name":"Fotografia \u015alubna Mariusz Muzyk","description":"fotografia \u015blubna Bielsko-Bia\u0142a","publisher":{"@id":"https:\/\/mariuszmuzyk.pl\/blog\/#organization"},"potentialAction":[{"@type":"SearchAction","target":{"@type":"EntryPoint","urlTemplate":"https:\/\/mariuszmuzyk.pl\/blog\/?s={search_term_string}"},"query-input":{"@type":"PropertyValueSpecification","valueRequired":true,"valueName":"search_term_string"}}],"inLanguage":"pl-PL"},{"@type":"Organization","@id":"https:\/\/mariuszmuzyk.pl\/blog\/#organization","name":"Fotografia \u015alubna Mariusz Muzyk","url":"https:\/\/mariuszmuzyk.pl\/blog\/","logo":{"@type":"ImageObject","inLanguage":"pl-PL","@id":"https:\/\/mariuszmuzyk.pl\/blog\/#\/schema\/logo\/image\/","url":"https:\/\/mariuszmuzyk.pl\/blog\/wp-content\/uploads\/2019\/04\/cropped-logo_CZARNE_FOTOGRAFIA.png","contentUrl":"https:\/\/mariuszmuzyk.pl\/blog\/wp-content\/uploads\/2019\/04\/cropped-logo_CZARNE_FOTOGRAFIA.png","width":300,"height":156,"caption":"Fotografia \u015alubna Mariusz Muzyk"},"image":{"@id":"https:\/\/mariuszmuzyk.pl\/blog\/#\/schema\/logo\/image\/"},"sameAs":["https:\/\/www.facebook.com\/pages\/Mariusz-Muzyk-Profesjonalna-Fotografia-\u015alubna\/305310092886439","https:\/\/x.com\/MariuszMuzyk"]},false]}},"yasr_visitor_votes":{"stars_attributes":{"read_only":false,"span_bottom":false},"number_of_votes":0,"sum_votes":0},"_links":{"self":[{"href":"https:\/\/mariuszmuzyk.pl\/blog\/wp-json\/wp\/v2\/pages\/3483","targetHints":{"allow":["GET"]}}],"collection":[{"href":"https:\/\/mariuszmuzyk.pl\/blog\/wp-json\/wp\/v2\/pages"}],"about":[{"href":"https:\/\/mariuszmuzyk.pl\/blog\/wp-json\/wp\/v2\/types\/page"}],"author":[{"embeddable":true,"href":"https:\/\/mariuszmuzyk.pl\/blog\/wp-json\/wp\/v2\/users\/2"}],"replies":[{"embeddable":true,"href":"https:\/\/mariuszmuzyk.pl\/blog\/wp-json\/wp\/v2\/comments?post=3483"}],"version-history":[{"count":3,"href":"https:\/\/mariuszmuzyk.pl\/blog\/wp-json\/wp\/v2\/pages\/3483\/revisions"}],"predecessor-version":[{"id":3487,"href":"https:\/\/mariuszmuzyk.pl\/blog\/wp-json\/wp\/v2\/pages\/3483\/revisions\/3487"}],"wp:attachment":[{"href":"https:\/\/mariuszmuzyk.pl\/blog\/wp-json\/wp\/v2\/media?parent=3483"}],"curies":[{"name":"wp","href":"https:\/\/api.w.org\/{rel}","templated":true}]}}