{"id":3242,"date":"2014-01-09T15:55:17","date_gmt":"2014-01-09T13:55:17","guid":{"rendered":"http:\/\/mariuszmuzyk.pl\/blog\/cookie-policy\/"},"modified":"2014-04-23T21:05:01","modified_gmt":"2014-04-23T19:05:01","slug":"cookie-policy","status":"publish","type":"page","link":"https:\/\/mariuszmuzyk.pl\/blog\/cookie-policy\/","title":{"rendered":"Cookie Policy"},"content":{"rendered":"<p>This site uses cookies &#8211; small text files that are placed on your machine to help the site provide a better user experience. In general, cookies are used to retain user preferences, store information for things like shopping carts, and provide anonymised tracking data to third party applications like Google Analytics. As a rule, cookies will make your browsing experience better. However, you may prefer to disable cookies on this site and on others. The most effective way to do this is to disable cookies in your browser. We suggest consulting the Help section of your browser or taking a look at <a href=\"http:\/\/www.aboutcookies.org\">the About Cookies website<\/a> which offers guidance for all modern browsers<\/p>\n<div style='text-align:right' class='yasr-auto-insert-overall'><!--Yasr Overall Rating Shortcode--><div class='yasr-custom-text-before-overall' id='yasr-custom-text-before-overall'>Oceny Klient\u00f3w<\/div><div class=\"yasr-overall-rating\"><div class=' yasr-rater-stars'\r\n                           id='yasr-overall-rating-rater-b0c441b9d9635'\r\n                           data-rating='0'\r\n                           data-rater-starsize='16'>\r\n                       <\/div><\/div><!--End Yasr Overall Rating Shortcode--><\/div><div style='text-align:right' class='yasr-auto-insert-visitor'><!--Yasr Visitor Votes Shortcode--><div id='yasr_visitor_votes_25b69c96430db' class='yasr-visitor-votes'><div class=\"yasr-custom-text-vv-before yasr-custom-text-vv-before-3242\">Ocena Czytelnik\u00f3w<\/div><div id='yasr-vv-second-row-container-25b69c96430db'\r\n                                        class='yasr-vv-second-row-container'><div id='yasr-visitor-votes-rater-25b69c96430db'\r\n                                      class='yasr-rater-stars-vv'\r\n                                      data-rater-postid='3242'\r\n                                      data-rating='0'\r\n                                      data-rater-starsize='16'\r\n                                      data-rater-readonly='false'\r\n                                      data-rater-nonce='c652a1805c'\r\n                                      data-issingular='false'\r\n                                    ><\/div><div class=\"yasr-vv-stats-text-container\" id=\"yasr-vv-stats-text-container-25b69c96430db\"><span id=\"yasr-vv-text-container-25b69c96430db\" class=\"yasr-vv-text-container\">[Ocen: <span id=\"yasr-vv-votes-number-container-25b69c96430db\">0<\/span>  Averege: <span id=\"yasr-vv-average-container-25b69c96430db\">0<\/span>]<\/span><\/div><div id='yasr-vv-loader-25b69c96430db' class='yasr-vv-container-loader'><\/div><\/div><div id='yasr-vv-bottom-container-25b69c96430db' class='yasr-vv-bottom-container'><\/div><\/div><!--End Yasr Visitor Votes Shortcode--><\/div>","protected":false},"excerpt":{"rendered":"<p>This site uses cookies &#8211; small text files that are placed on your machine to help the site provide a better user experience. In general, cookies are used to retain user preferences, store information for things like shopping carts, and provide anonymised tracking data to third party applications like Google Analytics. As a rule, cookies [&hellip;]<\/p>\n","protected":false},"author":2,"featured_media":0,"parent":0,"menu_order":0,"comment_status":"open","ping_status":"open","template":"","meta":{"yasr_overall_rating":0,"yasr_post_is_review":"","yasr_auto_insert_disabled":"","yasr_review_type":"","footnotes":""},"class_list":["post-3242","page","type-page","status-publish","czr-hentry"],"yoast_head":"<!-- This site is optimized with the Yoast SEO plugin v27.0 - https:\/\/yoast.com\/product\/yoast-seo-wordpress\/ -->\n<title>Cookie Policy - Fotografia \u015alubna Mariusz Muzyk<\/title>\n<meta name=\"robots\" content=\"index, follow, max-snippet:-1, max-image-preview:large, max-video-preview:-1\" \/>\n<link rel=\"canonical\" href=\"https:\/\/mariuszmuzyk.pl\/blog\/cookie-policy\/\" \/>\n<meta property=\"og:locale\" content=\"pl_PL\" \/>\n<meta property=\"og:type\" content=\"article\" \/>\n<meta property=\"og:title\" content=\"Cookie Policy - Fotografia \u015alubna Mariusz Muzyk\" \/>\n<meta property=\"og:description\" content=\"This site uses cookies &#8211; small text files that are placed on your machine to help the site provide a better user experience. In general, cookies are used to retain user preferences, store information for things like shopping carts, and provide anonymised tracking data to third party applications like Google Analytics. As a rule, cookies [&hellip;]\" \/>\n<meta property=\"og:url\" content=\"https:\/\/mariuszmuzyk.pl\/blog\/cookie-policy\/\" \/>\n<meta property=\"og:site_name\" content=\"Fotografia \u015alubna Mariusz Muzyk\" \/>\n<meta property=\"article:publisher\" content=\"https:\/\/www.facebook.com\/pages\/Mariusz-Muzyk-Profesjonalna-Fotografia-%c5%9alubna\/305310092886439\" \/>\n<meta property=\"article:modified_time\" content=\"2014-04-23T19:05:01+00:00\" \/>\n<meta name=\"twitter:card\" content=\"summary_large_image\" \/>\n<meta name=\"twitter:site\" content=\"@MariuszMuzyk\" \/>\n<meta name=\"twitter:label1\" content=\"Szacowany czas czytania\" \/>\n\t<meta name=\"twitter:data1\" content=\"1 minuta\" \/>\n<script type=\"application\/ld+json\" class=\"yoast-schema-graph\">{\"@context\":\"https:\/\/schema.org\",\"@graph\":[{\"@type\":\"WebPage\",\"@id\":\"https:\/\/mariuszmuzyk.pl\/blog\/cookie-policy\/\",\"url\":\"https:\/\/mariuszmuzyk.pl\/blog\/cookie-policy\/\",\"name\":\"Cookie Policy - Fotografia \u015alubna Mariusz Muzyk\",\"isPartOf\":{\"@id\":\"https:\/\/mariuszmuzyk.pl\/blog\/#website\"},\"datePublished\":\"2014-01-09T13:55:17+00:00\",\"dateModified\":\"2014-04-23T19:05:01+00:00\",\"breadcrumb\":{\"@id\":\"https:\/\/mariuszmuzyk.pl\/blog\/cookie-policy\/#breadcrumb\"},\"inLanguage\":\"pl-PL\",\"potentialAction\":[{\"@type\":\"ReadAction\",\"target\":[\"https:\/\/mariuszmuzyk.pl\/blog\/cookie-policy\/\"]}]},{\"@type\":\"BreadcrumbList\",\"@id\":\"https:\/\/mariuszmuzyk.pl\/blog\/cookie-policy\/#breadcrumb\",\"itemListElement\":[{\"@type\":\"ListItem\",\"position\":1,\"name\":\"Fotograf \u015b\u0142ubny\",\"item\":\"https:\/\/mariuszmuzyk.pl\/blog\/\"},{\"@type\":\"ListItem\",\"position\":2,\"name\":\"Cookie Policy\"}]},{\"@type\":\"WebSite\",\"@id\":\"https:\/\/mariuszmuzyk.pl\/blog\/#website\",\"url\":\"https:\/\/mariuszmuzyk.pl\/blog\/\",\"name\":\"Fotografia \u015alubna Mariusz Muzyk\",\"description\":\"fotografia \u015blubna Bielsko-Bia\u0142a\",\"publisher\":{\"@id\":\"https:\/\/mariuszmuzyk.pl\/blog\/#organization\"},\"potentialAction\":[{\"@type\":\"SearchAction\",\"target\":{\"@type\":\"EntryPoint\",\"urlTemplate\":\"https:\/\/mariuszmuzyk.pl\/blog\/?s={search_term_string}\"},\"query-input\":{\"@type\":\"PropertyValueSpecification\",\"valueRequired\":true,\"valueName\":\"search_term_string\"}}],\"inLanguage\":\"pl-PL\"},{\"@type\":\"Organization\",\"@id\":\"https:\/\/mariuszmuzyk.pl\/blog\/#organization\",\"name\":\"Fotografia \u015alubna Mariusz Muzyk\",\"url\":\"https:\/\/mariuszmuzyk.pl\/blog\/\",\"logo\":{\"@type\":\"ImageObject\",\"inLanguage\":\"pl-PL\",\"@id\":\"https:\/\/mariuszmuzyk.pl\/blog\/#\/schema\/logo\/image\/\",\"url\":\"https:\/\/mariuszmuzyk.pl\/blog\/wp-content\/uploads\/2019\/04\/cropped-logo_CZARNE_FOTOGRAFIA.png\",\"contentUrl\":\"https:\/\/mariuszmuzyk.pl\/blog\/wp-content\/uploads\/2019\/04\/cropped-logo_CZARNE_FOTOGRAFIA.png\",\"width\":300,\"height\":156,\"caption\":\"Fotografia \u015alubna Mariusz Muzyk\"},\"image\":{\"@id\":\"https:\/\/mariuszmuzyk.pl\/blog\/#\/schema\/logo\/image\/\"},\"sameAs\":[\"https:\/\/www.facebook.com\/pages\/Mariusz-Muzyk-Profesjonalna-Fotografia-\u015alubna\/305310092886439\",\"https:\/\/x.com\/MariuszMuzyk\"]},false]}<\/script>\n<!-- \/ Yoast SEO plugin. -->","yoast_head_json":{"title":"Cookie Policy - Fotografia \u015alubna Mariusz Muzyk","robots":{"index":"index","follow":"follow","max-snippet":"max-snippet:-1","max-image-preview":"max-image-preview:large","max-video-preview":"max-video-preview:-1"},"canonical":"https:\/\/mariuszmuzyk.pl\/blog\/cookie-policy\/","og_locale":"pl_PL","og_type":"article","og_title":"Cookie Policy - Fotografia \u015alubna Mariusz Muzyk","og_description":"This site uses cookies &#8211; small text files that are placed on your machine to help the site provide a better user experience. In general, cookies are used to retain user preferences, store information for things like shopping carts, and provide anonymised tracking data to third party applications like Google Analytics. As a rule, cookies [&hellip;]","og_url":"https:\/\/mariuszmuzyk.pl\/blog\/cookie-policy\/","og_site_name":"Fotografia \u015alubna Mariusz Muzyk","article_publisher":"https:\/\/www.facebook.com\/pages\/Mariusz-Muzyk-Profesjonalna-Fotografia-%c5%9alubna\/305310092886439","article_modified_time":"2014-04-23T19:05:01+00:00","twitter_card":"summary_large_image","twitter_site":"@MariuszMuzyk","twitter_misc":{"Szacowany czas czytania":"1 minuta"},"schema":{"@context":"https:\/\/schema.org","@graph":[{"@type":"WebPage","@id":"https:\/\/mariuszmuzyk.pl\/blog\/cookie-policy\/","url":"https:\/\/mariuszmuzyk.pl\/blog\/cookie-policy\/","name":"Cookie Policy - Fotografia \u015alubna Mariusz Muzyk","isPartOf":{"@id":"https:\/\/mariuszmuzyk.pl\/blog\/#website"},"datePublished":"2014-01-09T13:55:17+00:00","dateModified":"2014-04-23T19:05:01+00:00","breadcrumb":{"@id":"https:\/\/mariuszmuzyk.pl\/blog\/cookie-policy\/#breadcrumb"},"inLanguage":"pl-PL","potentialAction":[{"@type":"ReadAction","target":["https:\/\/mariuszmuzyk.pl\/blog\/cookie-policy\/"]}]},{"@type":"BreadcrumbList","@id":"https:\/\/mariuszmuzyk.pl\/blog\/cookie-policy\/#breadcrumb","itemListElement":[{"@type":"ListItem","position":1,"name":"Fotograf \u015b\u0142ubny","item":"https:\/\/mariuszmuzyk.pl\/blog\/"},{"@type":"ListItem","position":2,"name":"Cookie Policy"}]},{"@type":"WebSite","@id":"https:\/\/mariuszmuzyk.pl\/blog\/#website","url":"https:\/\/mariuszmuzyk.pl\/blog\/","name":"Fotografia \u015alubna Mariusz Muzyk","description":"fotografia \u015blubna Bielsko-Bia\u0142a","publisher":{"@id":"https:\/\/mariuszmuzyk.pl\/blog\/#organization"},"potentialAction":[{"@type":"SearchAction","target":{"@type":"EntryPoint","urlTemplate":"https:\/\/mariuszmuzyk.pl\/blog\/?s={search_term_string}"},"query-input":{"@type":"PropertyValueSpecification","valueRequired":true,"valueName":"search_term_string"}}],"inLanguage":"pl-PL"},{"@type":"Organization","@id":"https:\/\/mariuszmuzyk.pl\/blog\/#organization","name":"Fotografia \u015alubna Mariusz Muzyk","url":"https:\/\/mariuszmuzyk.pl\/blog\/","logo":{"@type":"ImageObject","inLanguage":"pl-PL","@id":"https:\/\/mariuszmuzyk.pl\/blog\/#\/schema\/logo\/image\/","url":"https:\/\/mariuszmuzyk.pl\/blog\/wp-content\/uploads\/2019\/04\/cropped-logo_CZARNE_FOTOGRAFIA.png","contentUrl":"https:\/\/mariuszmuzyk.pl\/blog\/wp-content\/uploads\/2019\/04\/cropped-logo_CZARNE_FOTOGRAFIA.png","width":300,"height":156,"caption":"Fotografia \u015alubna Mariusz Muzyk"},"image":{"@id":"https:\/\/mariuszmuzyk.pl\/blog\/#\/schema\/logo\/image\/"},"sameAs":["https:\/\/www.facebook.com\/pages\/Mariusz-Muzyk-Profesjonalna-Fotografia-\u015alubna\/305310092886439","https:\/\/x.com\/MariuszMuzyk"]},false]}},"yasr_visitor_votes":{"stars_attributes":{"read_only":false,"span_bottom":false},"number_of_votes":0,"sum_votes":0},"_links":{"self":[{"href":"https:\/\/mariuszmuzyk.pl\/blog\/wp-json\/wp\/v2\/pages\/3242","targetHints":{"allow":["GET"]}}],"collection":[{"href":"https:\/\/mariuszmuzyk.pl\/blog\/wp-json\/wp\/v2\/pages"}],"about":[{"href":"https:\/\/mariuszmuzyk.pl\/blog\/wp-json\/wp\/v2\/types\/page"}],"author":[{"embeddable":true,"href":"https:\/\/mariuszmuzyk.pl\/blog\/wp-json\/wp\/v2\/users\/2"}],"replies":[{"embeddable":true,"href":"https:\/\/mariuszmuzyk.pl\/blog\/wp-json\/wp\/v2\/comments?post=3242"}],"version-history":[{"count":2,"href":"https:\/\/mariuszmuzyk.pl\/blog\/wp-json\/wp\/v2\/pages\/3242\/revisions"}],"predecessor-version":[{"id":3499,"href":"https:\/\/mariuszmuzyk.pl\/blog\/wp-json\/wp\/v2\/pages\/3242\/revisions\/3499"}],"wp:attachment":[{"href":"https:\/\/mariuszmuzyk.pl\/blog\/wp-json\/wp\/v2\/media?parent=3242"}],"curies":[{"name":"wp","href":"https:\/\/api.w.org\/{rel}","templated":true}]}}