{"id":1562,"date":"2012-11-19T14:05:58","date_gmt":"2012-11-19T12:05:58","guid":{"rendered":"http:\/\/mariuszmuzyk.pl\/blog\/?page_id=1562"},"modified":"2015-02-03T11:43:12","modified_gmt":"2015-02-03T09:43:12","slug":"qubus-hotel-bielsko-wesele","status":"publish","type":"page","link":"https:\/\/mariuszmuzyk.pl\/blog\/prywatne-galerie-par\/qubus-hotel-bielsko-wesele\/","title":{"rendered":"Qubus hotel Bielsko-Bia\u0142a wesele Justyna&#038;Mariusz"},"content":{"rendered":"","protected":true},"excerpt":{"rendered":"","protected":true},"author":2,"featured_media":0,"parent":1302,"menu_order":0,"comment_status":"open","ping_status":"open","template":"","meta":{"yasr_overall_rating":0,"yasr_post_is_review":"","yasr_auto_insert_disabled":"","yasr_review_type":"","footnotes":""},"class_list":["post-1562","page","type-page","status-publish","post-password-required","czr-hentry"],"yoast_head":"<!-- This site is optimized with the Yoast SEO plugin v27.0 - https:\/\/yoast.com\/product\/yoast-seo-wordpress\/ -->\n<title>Qubus hotel Bielsko-Bia\u0142a wesele Justyna&amp;Mariusz - Fotografia \u015blubna Mariusz Muzyk<\/title>\n<meta name=\"description\" content=\"wesele w hotelu Qubus w Bielsku-Bia\u0142ej, zdj\u0119cia z qubus hotel bieslko-bia\u0142a, zabawa weselna w hotelu w Bielsku Bia\u0142ej, hotel na wesele w Bielsku-Bia\u0142ej\" \/>\n<meta name=\"robots\" content=\"index, follow, max-snippet:-1, max-image-preview:large, max-video-preview:-1\" \/>\n<link rel=\"canonical\" href=\"https:\/\/mariuszmuzyk.pl\/blog\/prywatne-galerie-par\/qubus-hotel-bielsko-wesele\/\" \/>\n<meta property=\"og:locale\" content=\"pl_PL\" \/>\n<meta property=\"og:type\" content=\"article\" \/>\n<meta property=\"og:title\" content=\"Qubus hotel Bielsko-Bia\u0142a wesele Justyna&amp;Mariusz - Fotografia \u015blubna Mariusz Muzyk\" \/>\n<meta property=\"og:description\" content=\"wesele w hotelu Qubus w Bielsku-Bia\u0142ej, zdj\u0119cia z qubus hotel bieslko-bia\u0142a, zabawa weselna w hotelu w Bielsku Bia\u0142ej, hotel na wesele w Bielsku-Bia\u0142ej\" \/>\n<meta property=\"og:url\" content=\"https:\/\/mariuszmuzyk.pl\/blog\/prywatne-galerie-par\/qubus-hotel-bielsko-wesele\/\" \/>\n<meta property=\"og:site_name\" content=\"Fotografia \u015alubna Mariusz Muzyk\" \/>\n<meta property=\"article:publisher\" content=\"https:\/\/www.facebook.com\/pages\/Mariusz-Muzyk-Profesjonalna-Fotografia-%c5%9alubna\/305310092886439\" \/>\n<meta property=\"article:modified_time\" content=\"2015-02-03T09:43:12+00:00\" \/>\n<meta name=\"twitter:card\" content=\"summary_large_image\" \/>\n<meta name=\"twitter:site\" content=\"@MariuszMuzyk\" \/>\n<script type=\"application\/ld+json\" class=\"yoast-schema-graph\">{\"@context\":\"https:\/\/schema.org\",\"@graph\":[{\"@type\":\"WebPage\",\"@id\":\"https:\/\/mariuszmuzyk.pl\/blog\/prywatne-galerie-par\/qubus-hotel-bielsko-wesele\/\",\"url\":\"https:\/\/mariuszmuzyk.pl\/blog\/prywatne-galerie-par\/qubus-hotel-bielsko-wesele\/\",\"name\":\"Qubus hotel Bielsko-Bia\u0142a wesele Justyna&Mariusz - Fotografia \u015blubna Mariusz Muzyk\",\"isPartOf\":{\"@id\":\"https:\/\/mariuszmuzyk.pl\/blog\/#website\"},\"datePublished\":\"2012-11-19T12:05:58+00:00\",\"dateModified\":\"2015-02-03T09:43:12+00:00\",\"breadcrumb\":{\"@id\":\"https:\/\/mariuszmuzyk.pl\/blog\/prywatne-galerie-par\/qubus-hotel-bielsko-wesele\/#breadcrumb\"},\"inLanguage\":\"pl-PL\"},{\"@type\":\"WebSite\",\"@id\":\"https:\/\/mariuszmuzyk.pl\/blog\/#website\",\"url\":\"https:\/\/mariuszmuzyk.pl\/blog\/\",\"name\":\"Fotografia \u015alubna Mariusz Muzyk\",\"description\":\"fotografia \u015blubna Bielsko-Bia\u0142a\",\"publisher\":{\"@id\":\"https:\/\/mariuszmuzyk.pl\/blog\/#organization\"},\"potentialAction\":[{\"@type\":\"SearchAction\",\"target\":{\"@type\":\"EntryPoint\",\"urlTemplate\":\"https:\/\/mariuszmuzyk.pl\/blog\/?s={search_term_string}\"},\"query-input\":{\"@type\":\"PropertyValueSpecification\",\"valueRequired\":true,\"valueName\":\"search_term_string\"}}],\"inLanguage\":\"pl-PL\"},{\"@type\":\"Organization\",\"@id\":\"https:\/\/mariuszmuzyk.pl\/blog\/#organization\",\"name\":\"Fotografia \u015alubna Mariusz Muzyk\",\"url\":\"https:\/\/mariuszmuzyk.pl\/blog\/\",\"logo\":{\"@type\":\"ImageObject\",\"inLanguage\":\"pl-PL\",\"@id\":\"https:\/\/mariuszmuzyk.pl\/blog\/#\/schema\/logo\/image\/\",\"url\":\"https:\/\/mariuszmuzyk.pl\/blog\/wp-content\/uploads\/2019\/04\/cropped-logo_CZARNE_FOTOGRAFIA.png\",\"contentUrl\":\"https:\/\/mariuszmuzyk.pl\/blog\/wp-content\/uploads\/2019\/04\/cropped-logo_CZARNE_FOTOGRAFIA.png\",\"width\":300,\"height\":156,\"caption\":\"Fotografia \u015alubna Mariusz Muzyk\"},\"image\":{\"@id\":\"https:\/\/mariuszmuzyk.pl\/blog\/#\/schema\/logo\/image\/\"},\"sameAs\":[\"https:\/\/www.facebook.com\/pages\/Mariusz-Muzyk-Profesjonalna-Fotografia-\u015alubna\/305310092886439\",\"https:\/\/x.com\/MariuszMuzyk\"]},false]}<\/script>\n<!-- \/ Yoast SEO plugin. -->","yoast_head_json":{"title":"Qubus hotel Bielsko-Bia\u0142a wesele Justyna&Mariusz - Fotografia \u015blubna Mariusz Muzyk","description":"wesele w hotelu Qubus w Bielsku-Bia\u0142ej, zdj\u0119cia z qubus hotel bieslko-bia\u0142a, zabawa weselna w hotelu w Bielsku Bia\u0142ej, hotel na wesele w Bielsku-Bia\u0142ej","robots":{"index":"index","follow":"follow","max-snippet":"max-snippet:-1","max-image-preview":"max-image-preview:large","max-video-preview":"max-video-preview:-1"},"canonical":"https:\/\/mariuszmuzyk.pl\/blog\/prywatne-galerie-par\/qubus-hotel-bielsko-wesele\/","og_locale":"pl_PL","og_type":"article","og_title":"Qubus hotel Bielsko-Bia\u0142a wesele Justyna&Mariusz - Fotografia \u015blubna Mariusz Muzyk","og_description":"wesele w hotelu Qubus w Bielsku-Bia\u0142ej, zdj\u0119cia z qubus hotel bieslko-bia\u0142a, zabawa weselna w hotelu w Bielsku Bia\u0142ej, hotel na wesele w Bielsku-Bia\u0142ej","og_url":"https:\/\/mariuszmuzyk.pl\/blog\/prywatne-galerie-par\/qubus-hotel-bielsko-wesele\/","og_site_name":"Fotografia \u015alubna Mariusz Muzyk","article_publisher":"https:\/\/www.facebook.com\/pages\/Mariusz-Muzyk-Profesjonalna-Fotografia-%c5%9alubna\/305310092886439","article_modified_time":"2015-02-03T09:43:12+00:00","twitter_card":"summary_large_image","twitter_site":"@MariuszMuzyk","schema":{"@context":"https:\/\/schema.org","@graph":[{"@type":"WebPage","@id":"https:\/\/mariuszmuzyk.pl\/blog\/prywatne-galerie-par\/qubus-hotel-bielsko-wesele\/","url":"https:\/\/mariuszmuzyk.pl\/blog\/prywatne-galerie-par\/qubus-hotel-bielsko-wesele\/","name":"Qubus hotel Bielsko-Bia\u0142a wesele Justyna&Mariusz - Fotografia \u015blubna Mariusz Muzyk","isPartOf":{"@id":"https:\/\/mariuszmuzyk.pl\/blog\/#website"},"datePublished":"2012-11-19T12:05:58+00:00","dateModified":"2015-02-03T09:43:12+00:00","breadcrumb":{"@id":"https:\/\/mariuszmuzyk.pl\/blog\/prywatne-galerie-par\/qubus-hotel-bielsko-wesele\/#breadcrumb"},"inLanguage":"pl-PL"},{"@type":"WebSite","@id":"https:\/\/mariuszmuzyk.pl\/blog\/#website","url":"https:\/\/mariuszmuzyk.pl\/blog\/","name":"Fotografia \u015alubna Mariusz Muzyk","description":"fotografia \u015blubna Bielsko-Bia\u0142a","publisher":{"@id":"https:\/\/mariuszmuzyk.pl\/blog\/#organization"},"potentialAction":[{"@type":"SearchAction","target":{"@type":"EntryPoint","urlTemplate":"https:\/\/mariuszmuzyk.pl\/blog\/?s={search_term_string}"},"query-input":{"@type":"PropertyValueSpecification","valueRequired":true,"valueName":"search_term_string"}}],"inLanguage":"pl-PL"},{"@type":"Organization","@id":"https:\/\/mariuszmuzyk.pl\/blog\/#organization","name":"Fotografia \u015alubna Mariusz Muzyk","url":"https:\/\/mariuszmuzyk.pl\/blog\/","logo":{"@type":"ImageObject","inLanguage":"pl-PL","@id":"https:\/\/mariuszmuzyk.pl\/blog\/#\/schema\/logo\/image\/","url":"https:\/\/mariuszmuzyk.pl\/blog\/wp-content\/uploads\/2019\/04\/cropped-logo_CZARNE_FOTOGRAFIA.png","contentUrl":"https:\/\/mariuszmuzyk.pl\/blog\/wp-content\/uploads\/2019\/04\/cropped-logo_CZARNE_FOTOGRAFIA.png","width":300,"height":156,"caption":"Fotografia \u015alubna Mariusz Muzyk"},"image":{"@id":"https:\/\/mariuszmuzyk.pl\/blog\/#\/schema\/logo\/image\/"},"sameAs":["https:\/\/www.facebook.com\/pages\/Mariusz-Muzyk-Profesjonalna-Fotografia-\u015alubna\/305310092886439","https:\/\/x.com\/MariuszMuzyk"]},false]}},"yasr_visitor_votes":{"stars_attributes":{"read_only":false,"span_bottom":false},"number_of_votes":0,"sum_votes":0},"_links":{"self":[{"href":"https:\/\/mariuszmuzyk.pl\/blog\/wp-json\/wp\/v2\/pages\/1562","targetHints":{"allow":["GET"]}}],"collection":[{"href":"https:\/\/mariuszmuzyk.pl\/blog\/wp-json\/wp\/v2\/pages"}],"about":[{"href":"https:\/\/mariuszmuzyk.pl\/blog\/wp-json\/wp\/v2\/types\/page"}],"author":[{"embeddable":true,"href":"https:\/\/mariuszmuzyk.pl\/blog\/wp-json\/wp\/v2\/users\/2"}],"replies":[{"embeddable":true,"href":"https:\/\/mariuszmuzyk.pl\/blog\/wp-json\/wp\/v2\/comments?post=1562"}],"version-history":[{"count":4,"href":"https:\/\/mariuszmuzyk.pl\/blog\/wp-json\/wp\/v2\/pages\/1562\/revisions"}],"predecessor-version":[{"id":4415,"href":"https:\/\/mariuszmuzyk.pl\/blog\/wp-json\/wp\/v2\/pages\/1562\/revisions\/4415"}],"up":[{"embeddable":true,"href":"https:\/\/mariuszmuzyk.pl\/blog\/wp-json\/wp\/v2\/pages\/1302"}],"wp:attachment":[{"href":"https:\/\/mariuszmuzyk.pl\/blog\/wp-json\/wp\/v2\/media?parent=1562"}],"curies":[{"name":"wp","href":"https:\/\/api.w.org\/{rel}","templated":true}]}}