{"id":1302,"date":"2012-11-15T20:57:02","date_gmt":"2012-11-15T18:57:02","guid":{"rendered":"http:\/\/mariuszmuzyk.pl\/blog\/?page_id=1302"},"modified":"2015-04-07T13:05:18","modified_gmt":"2015-04-07T11:05:18","slug":"prywatne-galerie-par","status":"publish","type":"page","link":"https:\/\/mariuszmuzyk.pl\/blog\/prywatne-galerie-par\/","title":{"rendered":"Prywatne galerie par"},"content":{"rendered":"<p>Zak\u0142adka &#8222;prywatne galerie par m\u0142odych&#8221; zosta\u0142a stworzona po to aby go\u015bcie kt\u00f3rzy brali udzia\u0142 w ceremonii za\u015blubin mogli zobaczy\u0107 zdj\u0119cia z tego wydarzenia. Wszystko co nale\u017cy zrobi\u0107 to wybra\u0107 imiona &#8222;swojej&#8221; Pary M\u0142odej i wpisa\u0107 has\u0142o. Mi\u0142ego ogl\u0105dania!<\/p>\n<p><a href=\"http:\/\/mariuszmuzyk.pl\/blog\/prywatne-galerie-par\/prywatna_galeria_par_fotografia_slubna\/\" rel=\"attachment wp-att-4500\"><img loading=\"lazy\" decoding=\"async\" class=\"aligncenter size-full wp-image-4500\" src=\"http:\/\/mariuszmuzyk.pl\/blog\/wp-content\/uploads\/2012\/11\/prywatna_galeria_par_fotografia_slubna.jpg\" alt=\"prywatna galeria \u015blubna\" width=\"900\" height=\"476\" srcset=\"https:\/\/mariuszmuzyk.pl\/blog\/wp-content\/uploads\/2012\/11\/prywatna_galeria_par_fotografia_slubna.jpg 900w, https:\/\/mariuszmuzyk.pl\/blog\/wp-content\/uploads\/2012\/11\/prywatna_galeria_par_fotografia_slubna-300x159.jpg 300w\" sizes=\"auto, (max-width: 900px) 100vw, 900px\" \/><\/a><\/p>\n<div style='text-align:right' class='yasr-auto-insert-overall'><!--Yasr Overall Rating Shortcode--><div class='yasr-custom-text-before-overall' id='yasr-custom-text-before-overall'>Oceny Klient\u00f3w<\/div><div class=\"yasr-overall-rating\"><div class=' yasr-rater-stars'\r\n                           id='yasr-overall-rating-rater-6564a4d9d034e'\r\n                           data-rating='0'\r\n                           data-rater-starsize='16'>\r\n                       <\/div><\/div><!--End Yasr Overall Rating Shortcode--><\/div><div style='text-align:right' class='yasr-auto-insert-visitor'><!--Yasr Visitor Votes Shortcode--><div id='yasr_visitor_votes_9ddae56454450' class='yasr-visitor-votes'><div class=\"yasr-custom-text-vv-before yasr-custom-text-vv-before-1302\">Ocena Czytelnik\u00f3w<\/div><div id='yasr-vv-second-row-container-9ddae56454450'\r\n                                        class='yasr-vv-second-row-container'><div id='yasr-visitor-votes-rater-9ddae56454450'\r\n                                      class='yasr-rater-stars-vv'\r\n                                      data-rater-postid='1302'\r\n                                      data-rating='0'\r\n                                      data-rater-starsize='16'\r\n                                      data-rater-readonly='false'\r\n                                      data-rater-nonce='ffded324f0'\r\n                                      data-issingular='false'\r\n                                    ><\/div><div class=\"yasr-vv-stats-text-container\" id=\"yasr-vv-stats-text-container-9ddae56454450\"><span id=\"yasr-vv-text-container-9ddae56454450\" class=\"yasr-vv-text-container\">[Ocen: <span id=\"yasr-vv-votes-number-container-9ddae56454450\">0<\/span>  Averege: <span id=\"yasr-vv-average-container-9ddae56454450\">0<\/span>]<\/span><\/div><div id='yasr-vv-loader-9ddae56454450' class='yasr-vv-container-loader'><\/div><\/div><div id='yasr-vv-bottom-container-9ddae56454450' class='yasr-vv-bottom-container'><\/div><\/div><!--End Yasr Visitor Votes Shortcode--><\/div>","protected":false},"excerpt":{"rendered":"<p>Zak\u0142adka &#8222;prywatne galerie par m\u0142odych&#8221; zosta\u0142a stworzona po to aby go\u015bcie kt\u00f3rzy brali udzia\u0142 w ceremonii za\u015blubin mogli zobaczy\u0107 zdj\u0119cia z tego wydarzenia. Wszystko co nale\u017cy zrobi\u0107 to wybra\u0107 imiona &#8222;swojej&#8221; Pary M\u0142odej i wpisa\u0107 has\u0142o. Mi\u0142ego ogl\u0105dania! Oceny Klient\u00f3w Ocena Czytelnik\u00f3w[Ocen: 0 Averege: 0]<\/p>\n","protected":false},"author":2,"featured_media":0,"parent":0,"menu_order":0,"comment_status":"closed","ping_status":"open","template":"","meta":{"yasr_overall_rating":0,"yasr_post_is_review":"","yasr_auto_insert_disabled":"","yasr_review_type":"","footnotes":""},"class_list":["post-1302","page","type-page","status-publish","czr-hentry"],"yoast_head":"<!-- This site is optimized with the Yoast SEO plugin v27.0 - https:\/\/yoast.com\/product\/yoast-seo-wordpress\/ -->\n<title>prywatna galeria zdj\u0119\u0107 dla go\u015bci weselnych na stronie fotografa<\/title>\n<meta name=\"description\" content=\"prywatne galerie par zawieraj\u0105 prywatne katalogi ze zdj\u0119ciami dost\u0119pne po wpisaniu has\u0142a, zamkni\u0119ta galeria, zdj\u0119cia \u015blubne, fotki \u015blubne, zdj\u0119cia ze \u015blubu galeria\" \/>\n<meta name=\"robots\" content=\"index, follow, max-snippet:-1, max-image-preview:large, max-video-preview:-1\" \/>\n<link rel=\"canonical\" href=\"https:\/\/mariuszmuzyk.pl\/blog\/prywatne-galerie-par\/\" \/>\n<meta property=\"og:locale\" content=\"pl_PL\" \/>\n<meta property=\"og:type\" content=\"article\" \/>\n<meta property=\"og:title\" content=\"prywatna galeria zdj\u0119\u0107 dla go\u015bci weselnych na stronie fotografa\" \/>\n<meta property=\"og:description\" content=\"prywatne galerie par zawieraj\u0105 prywatne katalogi ze zdj\u0119ciami dost\u0119pne po wpisaniu has\u0142a, zamkni\u0119ta galeria, zdj\u0119cia \u015blubne, fotki \u015blubne, zdj\u0119cia ze \u015blubu galeria\" \/>\n<meta property=\"og:url\" content=\"https:\/\/mariuszmuzyk.pl\/blog\/prywatne-galerie-par\/\" \/>\n<meta property=\"og:site_name\" content=\"Fotografia \u015alubna Mariusz Muzyk\" \/>\n<meta property=\"article:publisher\" content=\"https:\/\/www.facebook.com\/pages\/Mariusz-Muzyk-Profesjonalna-Fotografia-%c5%9alubna\/305310092886439\" \/>\n<meta property=\"article:modified_time\" content=\"2015-04-07T11:05:18+00:00\" \/>\n<meta property=\"og:image\" content=\"http:\/\/mariuszmuzyk.pl\/blog\/wp-content\/uploads\/2012\/11\/prywatna_galeria_par_fotografia_slubna.jpg\" \/>\n<meta name=\"twitter:card\" content=\"summary_large_image\" \/>\n<meta name=\"twitter:site\" content=\"@MariuszMuzyk\" \/>\n<script type=\"application\/ld+json\" class=\"yoast-schema-graph\">{\"@context\":\"https:\/\/schema.org\",\"@graph\":[{\"@type\":\"WebPage\",\"@id\":\"https:\/\/mariuszmuzyk.pl\/blog\/prywatne-galerie-par\/\",\"url\":\"https:\/\/mariuszmuzyk.pl\/blog\/prywatne-galerie-par\/\",\"name\":\"prywatna galeria zdj\u0119\u0107 dla go\u015bci weselnych na stronie fotografa\",\"isPartOf\":{\"@id\":\"https:\/\/mariuszmuzyk.pl\/blog\/#website\"},\"primaryImageOfPage\":{\"@id\":\"https:\/\/mariuszmuzyk.pl\/blog\/prywatne-galerie-par\/#primaryimage\"},\"image\":{\"@id\":\"https:\/\/mariuszmuzyk.pl\/blog\/prywatne-galerie-par\/#primaryimage\"},\"thumbnailUrl\":\"http:\/\/mariuszmuzyk.pl\/blog\/wp-content\/uploads\/2012\/11\/prywatna_galeria_par_fotografia_slubna.jpg\",\"datePublished\":\"2012-11-15T18:57:02+00:00\",\"dateModified\":\"2015-04-07T11:05:18+00:00\",\"description\":\"prywatne galerie par zawieraj\u0105 prywatne katalogi ze zdj\u0119ciami dost\u0119pne po wpisaniu has\u0142a, zamkni\u0119ta galeria, zdj\u0119cia \u015blubne, fotki \u015blubne, zdj\u0119cia ze \u015blubu galeria\",\"breadcrumb\":{\"@id\":\"https:\/\/mariuszmuzyk.pl\/blog\/prywatne-galerie-par\/#breadcrumb\"},\"inLanguage\":\"pl-PL\",\"potentialAction\":[{\"@type\":\"ReadAction\",\"target\":[\"https:\/\/mariuszmuzyk.pl\/blog\/prywatne-galerie-par\/\"]}]},{\"@type\":\"ImageObject\",\"inLanguage\":\"pl-PL\",\"@id\":\"https:\/\/mariuszmuzyk.pl\/blog\/prywatne-galerie-par\/#primaryimage\",\"url\":\"https:\/\/mariuszmuzyk.pl\/blog\/wp-content\/uploads\/2012\/11\/prywatna_galeria_par_fotografia_slubna.jpg\",\"contentUrl\":\"https:\/\/mariuszmuzyk.pl\/blog\/wp-content\/uploads\/2012\/11\/prywatna_galeria_par_fotografia_slubna.jpg\",\"width\":900,\"height\":476,\"caption\":\"prywatna galeria \u015blubna\"},{\"@type\":\"BreadcrumbList\",\"@id\":\"https:\/\/mariuszmuzyk.pl\/blog\/prywatne-galerie-par\/#breadcrumb\",\"itemListElement\":[{\"@type\":\"ListItem\",\"position\":1,\"name\":\"Fotograf \u015b\u0142ubny\",\"item\":\"https:\/\/mariuszmuzyk.pl\/blog\/\"},{\"@type\":\"ListItem\",\"position\":2,\"name\":\"Prywatne galerie par\"}]},{\"@type\":\"WebSite\",\"@id\":\"https:\/\/mariuszmuzyk.pl\/blog\/#website\",\"url\":\"https:\/\/mariuszmuzyk.pl\/blog\/\",\"name\":\"Fotografia \u015alubna Mariusz Muzyk\",\"description\":\"fotografia \u015blubna Bielsko-Bia\u0142a\",\"publisher\":{\"@id\":\"https:\/\/mariuszmuzyk.pl\/blog\/#organization\"},\"potentialAction\":[{\"@type\":\"SearchAction\",\"target\":{\"@type\":\"EntryPoint\",\"urlTemplate\":\"https:\/\/mariuszmuzyk.pl\/blog\/?s={search_term_string}\"},\"query-input\":{\"@type\":\"PropertyValueSpecification\",\"valueRequired\":true,\"valueName\":\"search_term_string\"}}],\"inLanguage\":\"pl-PL\"},{\"@type\":\"Organization\",\"@id\":\"https:\/\/mariuszmuzyk.pl\/blog\/#organization\",\"name\":\"Fotografia \u015alubna Mariusz Muzyk\",\"url\":\"https:\/\/mariuszmuzyk.pl\/blog\/\",\"logo\":{\"@type\":\"ImageObject\",\"inLanguage\":\"pl-PL\",\"@id\":\"https:\/\/mariuszmuzyk.pl\/blog\/#\/schema\/logo\/image\/\",\"url\":\"https:\/\/mariuszmuzyk.pl\/blog\/wp-content\/uploads\/2019\/04\/cropped-logo_CZARNE_FOTOGRAFIA.png\",\"contentUrl\":\"https:\/\/mariuszmuzyk.pl\/blog\/wp-content\/uploads\/2019\/04\/cropped-logo_CZARNE_FOTOGRAFIA.png\",\"width\":300,\"height\":156,\"caption\":\"Fotografia \u015alubna Mariusz Muzyk\"},\"image\":{\"@id\":\"https:\/\/mariuszmuzyk.pl\/blog\/#\/schema\/logo\/image\/\"},\"sameAs\":[\"https:\/\/www.facebook.com\/pages\/Mariusz-Muzyk-Profesjonalna-Fotografia-\u015alubna\/305310092886439\",\"https:\/\/x.com\/MariuszMuzyk\"]},false]}<\/script>\n<!-- \/ Yoast SEO plugin. -->","yoast_head_json":{"title":"prywatna galeria zdj\u0119\u0107 dla go\u015bci weselnych na stronie fotografa","description":"prywatne galerie par zawieraj\u0105 prywatne katalogi ze zdj\u0119ciami dost\u0119pne po wpisaniu has\u0142a, zamkni\u0119ta galeria, zdj\u0119cia \u015blubne, fotki \u015blubne, zdj\u0119cia ze \u015blubu galeria","robots":{"index":"index","follow":"follow","max-snippet":"max-snippet:-1","max-image-preview":"max-image-preview:large","max-video-preview":"max-video-preview:-1"},"canonical":"https:\/\/mariuszmuzyk.pl\/blog\/prywatne-galerie-par\/","og_locale":"pl_PL","og_type":"article","og_title":"prywatna galeria zdj\u0119\u0107 dla go\u015bci weselnych na stronie fotografa","og_description":"prywatne galerie par zawieraj\u0105 prywatne katalogi ze zdj\u0119ciami dost\u0119pne po wpisaniu has\u0142a, zamkni\u0119ta galeria, zdj\u0119cia \u015blubne, fotki \u015blubne, zdj\u0119cia ze \u015blubu galeria","og_url":"https:\/\/mariuszmuzyk.pl\/blog\/prywatne-galerie-par\/","og_site_name":"Fotografia \u015alubna Mariusz Muzyk","article_publisher":"https:\/\/www.facebook.com\/pages\/Mariusz-Muzyk-Profesjonalna-Fotografia-%c5%9alubna\/305310092886439","article_modified_time":"2015-04-07T11:05:18+00:00","og_image":[{"url":"http:\/\/mariuszmuzyk.pl\/blog\/wp-content\/uploads\/2012\/11\/prywatna_galeria_par_fotografia_slubna.jpg","type":"","width":"","height":""}],"twitter_card":"summary_large_image","twitter_site":"@MariuszMuzyk","schema":{"@context":"https:\/\/schema.org","@graph":[{"@type":"WebPage","@id":"https:\/\/mariuszmuzyk.pl\/blog\/prywatne-galerie-par\/","url":"https:\/\/mariuszmuzyk.pl\/blog\/prywatne-galerie-par\/","name":"prywatna galeria zdj\u0119\u0107 dla go\u015bci weselnych na stronie fotografa","isPartOf":{"@id":"https:\/\/mariuszmuzyk.pl\/blog\/#website"},"primaryImageOfPage":{"@id":"https:\/\/mariuszmuzyk.pl\/blog\/prywatne-galerie-par\/#primaryimage"},"image":{"@id":"https:\/\/mariuszmuzyk.pl\/blog\/prywatne-galerie-par\/#primaryimage"},"thumbnailUrl":"http:\/\/mariuszmuzyk.pl\/blog\/wp-content\/uploads\/2012\/11\/prywatna_galeria_par_fotografia_slubna.jpg","datePublished":"2012-11-15T18:57:02+00:00","dateModified":"2015-04-07T11:05:18+00:00","description":"prywatne galerie par zawieraj\u0105 prywatne katalogi ze zdj\u0119ciami dost\u0119pne po wpisaniu has\u0142a, zamkni\u0119ta galeria, zdj\u0119cia \u015blubne, fotki \u015blubne, zdj\u0119cia ze \u015blubu galeria","breadcrumb":{"@id":"https:\/\/mariuszmuzyk.pl\/blog\/prywatne-galerie-par\/#breadcrumb"},"inLanguage":"pl-PL","potentialAction":[{"@type":"ReadAction","target":["https:\/\/mariuszmuzyk.pl\/blog\/prywatne-galerie-par\/"]}]},{"@type":"ImageObject","inLanguage":"pl-PL","@id":"https:\/\/mariuszmuzyk.pl\/blog\/prywatne-galerie-par\/#primaryimage","url":"https:\/\/mariuszmuzyk.pl\/blog\/wp-content\/uploads\/2012\/11\/prywatna_galeria_par_fotografia_slubna.jpg","contentUrl":"https:\/\/mariuszmuzyk.pl\/blog\/wp-content\/uploads\/2012\/11\/prywatna_galeria_par_fotografia_slubna.jpg","width":900,"height":476,"caption":"prywatna galeria \u015blubna"},{"@type":"BreadcrumbList","@id":"https:\/\/mariuszmuzyk.pl\/blog\/prywatne-galerie-par\/#breadcrumb","itemListElement":[{"@type":"ListItem","position":1,"name":"Fotograf \u015b\u0142ubny","item":"https:\/\/mariuszmuzyk.pl\/blog\/"},{"@type":"ListItem","position":2,"name":"Prywatne galerie par"}]},{"@type":"WebSite","@id":"https:\/\/mariuszmuzyk.pl\/blog\/#website","url":"https:\/\/mariuszmuzyk.pl\/blog\/","name":"Fotografia \u015alubna Mariusz Muzyk","description":"fotografia \u015blubna Bielsko-Bia\u0142a","publisher":{"@id":"https:\/\/mariuszmuzyk.pl\/blog\/#organization"},"potentialAction":[{"@type":"SearchAction","target":{"@type":"EntryPoint","urlTemplate":"https:\/\/mariuszmuzyk.pl\/blog\/?s={search_term_string}"},"query-input":{"@type":"PropertyValueSpecification","valueRequired":true,"valueName":"search_term_string"}}],"inLanguage":"pl-PL"},{"@type":"Organization","@id":"https:\/\/mariuszmuzyk.pl\/blog\/#organization","name":"Fotografia \u015alubna Mariusz Muzyk","url":"https:\/\/mariuszmuzyk.pl\/blog\/","logo":{"@type":"ImageObject","inLanguage":"pl-PL","@id":"https:\/\/mariuszmuzyk.pl\/blog\/#\/schema\/logo\/image\/","url":"https:\/\/mariuszmuzyk.pl\/blog\/wp-content\/uploads\/2019\/04\/cropped-logo_CZARNE_FOTOGRAFIA.png","contentUrl":"https:\/\/mariuszmuzyk.pl\/blog\/wp-content\/uploads\/2019\/04\/cropped-logo_CZARNE_FOTOGRAFIA.png","width":300,"height":156,"caption":"Fotografia \u015alubna Mariusz Muzyk"},"image":{"@id":"https:\/\/mariuszmuzyk.pl\/blog\/#\/schema\/logo\/image\/"},"sameAs":["https:\/\/www.facebook.com\/pages\/Mariusz-Muzyk-Profesjonalna-Fotografia-\u015alubna\/305310092886439","https:\/\/x.com\/MariuszMuzyk"]},false]}},"yasr_visitor_votes":{"stars_attributes":{"read_only":false,"span_bottom":false},"number_of_votes":0,"sum_votes":0},"_links":{"self":[{"href":"https:\/\/mariuszmuzyk.pl\/blog\/wp-json\/wp\/v2\/pages\/1302","targetHints":{"allow":["GET"]}}],"collection":[{"href":"https:\/\/mariuszmuzyk.pl\/blog\/wp-json\/wp\/v2\/pages"}],"about":[{"href":"https:\/\/mariuszmuzyk.pl\/blog\/wp-json\/wp\/v2\/types\/page"}],"author":[{"embeddable":true,"href":"https:\/\/mariuszmuzyk.pl\/blog\/wp-json\/wp\/v2\/users\/2"}],"replies":[{"embeddable":true,"href":"https:\/\/mariuszmuzyk.pl\/blog\/wp-json\/wp\/v2\/comments?post=1302"}],"version-history":[{"count":5,"href":"https:\/\/mariuszmuzyk.pl\/blog\/wp-json\/wp\/v2\/pages\/1302\/revisions"}],"predecessor-version":[{"id":4501,"href":"https:\/\/mariuszmuzyk.pl\/blog\/wp-json\/wp\/v2\/pages\/1302\/revisions\/4501"}],"wp:attachment":[{"href":"https:\/\/mariuszmuzyk.pl\/blog\/wp-json\/wp\/v2\/media?parent=1302"}],"curies":[{"name":"wp","href":"https:\/\/api.w.org\/{rel}","templated":true}]}}